{"id":471,"date":"2019-12-02T12:15:21","date_gmt":"2019-12-02T12:15:21","guid":{"rendered":"http:\/\/scandinavian-solutions.com\/?page_id=471"},"modified":"2020-10-07T20:37:11","modified_gmt":"2020-10-07T20:37:11","slug":"contact","status":"publish","type":"page","link":"https:\/\/scandinavian-solutions.com\/sv\/contact\/","title":{"rendered":"Kontakt"},"content":{"rendered":"<p>[et_pb_section fb_built=&#8221;1&#8243; custom_padding_last_edited=&#8221;on|phone&#8221; _builder_version=&#8221;3.29.3&#8243; background_color=&#8221;#ffffff&#8221; use_background_color_gradient=&#8221;on&#8221; background_color_gradient_start=&#8221;rgba(0,0,0,0.88)&#8221; background_color_gradient_end=&#8221;rgba(0,0,0,0.57)&#8221; background_color_gradient_direction=&#8221;136deg&#8221; background_color_gradient_start_position=&#8221;29%&#8221; background_color_gradient_end_position=&#8221;103%&#8221; background_color_gradient_overlays_image=&#8221;on&#8221; background_image=&#8221;https:\/\/scandinavian-solutions.com\/wp-content\/uploads\/2019\/12\/TimeLine_03.jpeg&#8221; custom_margin=&#8221;||||false|true&#8221; custom_padding=&#8221;95px||152px||false|&#8221; custom_padding_tablet=&#8221;50px||50px||true|false&#8221; top_divider_height=&#8221;20px&#8221; top_divider_flip=&#8221;horizontal&#8221; bottom_divider_color=&#8221;#1E2324&#8243; bottom_divider_height=&#8221;81px&#8221; bottom_divider_repeat=&#8221;0.4x&#8221; da_disable_devices=&#8221;off|off|off&#8221; border_color_all=&#8221;#1E2324&#8243; border_width_bottom=&#8221;0px&#8221; locked=&#8221;off&#8221; fb_built=&#8221;1&#8243; _i=&#8221;0&#8243; _address=&#8221;0&#8243; da_is_popup=&#8221;off&#8221; da_exit_intent=&#8221;off&#8221; da_has_close=&#8221;on&#8221; da_alt_close=&#8221;off&#8221; da_dark_close=&#8221;off&#8221; da_not_modal=&#8221;on&#8221; da_is_singular=&#8221;off&#8221; da_with_loader=&#8221;off&#8221; da_has_shadow=&#8221;on&#8221;][et_pb_row column_structure=&#8221;1_4,1_2,1_4&#8243; _builder_version=&#8221;3.29.3&#8243; custom_padding=&#8221;4px||1px|||&#8221; _i=&#8221;0&#8243; _address=&#8221;0.0&#8243;][et_pb_column type=&#8221;1_4&#8243; _builder_version=&#8221;3.29.3&#8243; _i=&#8221;0&#8243; _address=&#8221;0.0.0&#8243;][\/et_pb_column][et_pb_column type=&#8221;1_2&#8243; _builder_version=&#8221;3.29.3&#8243; _i=&#8221;1&#8243; _address=&#8221;0.0.1&#8243;][et_pb_text _builder_version=&#8221;3.29.3&#8243; text_font_size=&#8221;21px&#8221; header_font=&#8221;|300|||||||&#8221; header_font_size=&#8221;53px&#8221; header_3_font=&#8221;|300|||||||&#8221; header_3_text_color=&#8221;#ffffff&#8221; header_3_font_size=&#8221;36px&#8221; custom_margin=&#8221;||-9px|||&#8221; custom_padding=&#8221;|0px||||&#8221; header_font_size_tablet=&#8221;50px&#8221; header_font_size_phone=&#8221;30px&#8221; header_font_size_last_edited=&#8221;on|phone&#8221; _i=&#8221;0&#8243; _address=&#8221;0.0.1.0&#8243;]<\/p>\n<h1 style=\"font-weight: 300 !important; text-align: center;\"><span color=\"#ffffff\" style=\"color: #ffffff;\">Kontakta oss<\/span><span style=\"font-size: 16px;\"><\/span><\/h1>\n<p>[\/et_pb_text][et_pb_text _builder_version=&#8221;3.29.3&#8243; custom_margin=&#8221;10px||1px|||&#8221; custom_padding=&#8221;|3px|3px|||&#8221; locked=&#8221;off&#8221; _i=&#8221;1&#8243; _address=&#8221;0.0.1.1&#8243;]<\/p>\n<p style=\"text-align: center;\"><span style=\"color: #ffffff; font-size: 17px; font-weight: 100!important;\">Vi \u00e4r h\u00e4r f\u00f6r dig. Kontakta oss, och en av v\u00e5ra experter kommer att plocka upp telefonen eller svara p\u00e5 ditt e-mail.<\/span><\/p>\n<p>[\/et_pb_text][\/et_pb_column][et_pb_column type=&#8221;1_4&#8243; _builder_version=&#8221;3.29.3&#8243; _i=&#8221;2&#8243; _address=&#8221;0.0.2&#8243;][\/et_pb_column][\/et_pb_row][\/et_pb_section][et_pb_section fb_built=&#8221;1&#8243; _builder_version=&#8221;3.29.3&#8243; background_enable_color=&#8221;off&#8221; use_background_color_gradient=&#8221;on&#8221; background_color_gradient_start=&#8221;#ffffff&#8221; background_color_gradient_end=&#8221;#eaeaea&#8221; background_color_gradient_start_position=&#8221;11%&#8221; background_color_gradient_end_position=&#8221;125%&#8221; custom_padding=&#8221;||82px|||&#8221; da_disable_devices=&#8221;off|off|off&#8221; fb_built=&#8221;1&#8243; _i=&#8221;1&#8243; _address=&#8221;1&#8243; da_is_popup=&#8221;off&#8221; da_exit_intent=&#8221;off&#8221; da_has_close=&#8221;on&#8221; da_alt_close=&#8221;off&#8221; da_dark_close=&#8221;off&#8221; da_not_modal=&#8221;on&#8221; da_is_singular=&#8221;off&#8221; da_with_loader=&#8221;off&#8221; da_has_shadow=&#8221;on&#8221;][et_pb_row column_structure=&#8221;1_3,1_3,1_3&#8243; _builder_version=&#8221;3.29.3&#8243; custom_margin=&#8221;1px|auto||auto||&#8221; _i=&#8221;0&#8243; _address=&#8221;1.0&#8243;][et_pb_column type=&#8221;1_3&#8243; _builder_version=&#8221;3.29.3&#8243; _i=&#8221;0&#8243; _address=&#8221;1.0.0&#8243;][et_pb_text _builder_version=&#8221;3.29.3&#8243; header_3_font_size=&#8221;31px&#8221; header_3_letter_spacing=&#8221;3px&#8221; text_orientation=&#8221;center&#8221; custom_margin=&#8221;3px||-3px|||&#8221; text_orientation_tablet=&#8221;center&#8221; text_orientation_last_edited=&#8221;on|tablet&#8221; _i=&#8221;0&#8243; _address=&#8221;1.0.0.0&#8243;]<\/p>\n<p style=\"font-weight: 300 !important;\">Generella Fr\u00e5gor<\/p>\n<p>[\/et_pb_text][et_pb_text _builder_version=&#8221;3.29.3&#8243; header_3_font_size=&#8221;31px&#8221; header_3_letter_spacing=&#8221;3px&#8221; text_orientation=&#8221;center&#8221; custom_margin=&#8221;3px||-3px|||&#8221; text_orientation_tablet=&#8221;center&#8221; text_orientation_last_edited=&#8221;on|phone&#8221; _i=&#8221;1&#8243; _address=&#8221;1.0.0.1&#8243;]<\/p>\n<p style=\"font-weight: 300 !important;\"><span style=\"text-decoration: underline; color: #1e2324;\"><span style=\"text-decoration: underline;\"><a href=\"mailto:info@scandinavian-solutions.com\" style=\"color: #ccae61; text-decoration: underline;\">info@scandinavian-solutions.com<\/a><\/span><\/span><\/p>\n<p>[\/et_pb_text][\/et_pb_column][et_pb_column type=&#8221;1_3&#8243; _builder_version=&#8221;3.29.3&#8243; _i=&#8221;1&#8243; _address=&#8221;1.0.1&#8243;][et_pb_text _builder_version=&#8221;3.29.3&#8243; header_3_font_size=&#8221;31px&#8221; header_3_letter_spacing=&#8221;3px&#8221; text_orientation=&#8221;center&#8221; custom_margin=&#8221;3px||-3px|||&#8221; text_orientation_tablet=&#8221;left&#8221; text_orientation_last_edited=&#8221;on|desktop&#8221; _i=&#8221;0&#8243; _address=&#8221;1.0.1.0&#8243;]<\/p>\n<p style=\"font-weight: 300 !important; text-align: center;\"><span style=\"color: #1e2324;\">Smarta Hem Support<\/span><\/p>\n<p>[\/et_pb_text][et_pb_text _builder_version=&#8221;3.29.3&#8243; header_3_font_size=&#8221;31px&#8221; header_3_letter_spacing=&#8221;3px&#8221; text_orientation=&#8221;center&#8221; custom_margin=&#8221;3px||-3px|||&#8221; text_orientation_tablet=&#8221;left&#8221; text_orientation_last_edited=&#8221;on|desktop&#8221; _i=&#8221;1&#8243; _address=&#8221;1.0.1.1&#8243;]<\/p>\n<p style=\"font-weight: 300 !important; text-align: center;\"><span style=\"text-decoration: underline;\"><span style=\"color: #ccae61; text-decoration: underline;\"><a href=\"mailto:info@scandinavian-solutions.com\">support@scandinavian-solutions.com<\/a><\/span><\/span><\/p>\n<p>[\/et_pb_text][\/et_pb_column][et_pb_column type=&#8221;1_3&#8243; _builder_version=&#8221;3.29.3&#8243; _i=&#8221;2&#8243; _address=&#8221;1.0.2&#8243;][et_pb_text _builder_version=&#8221;3.29.3&#8243; header_3_font_size=&#8221;31px&#8221; header_3_letter_spacing=&#8221;3px&#8221; text_orientation=&#8221;center&#8221; custom_margin=&#8221;3px||-3px|||&#8221; text_orientation_tablet=&#8221;left&#8221; text_orientation_last_edited=&#8221;on|desktop&#8221; _i=&#8221;0&#8243; _address=&#8221;1.0.2.0&#8243;]<\/p>\n<p style=\"font-weight: 300 !important; text-align: center;\">Press<\/p>\n<p>[\/et_pb_text][et_pb_text _builder_version=&#8221;3.29.3&#8243; header_3_font_size=&#8221;31px&#8221; header_3_letter_spacing=&#8221;3px&#8221; text_orientation=&#8221;center&#8221; custom_margin=&#8221;3px||-3px|||&#8221; text_orientation_tablet=&#8221;left&#8221; text_orientation_last_edited=&#8221;on|desktop&#8221; _i=&#8221;1&#8243; _address=&#8221;1.0.2.1&#8243;]<\/p>\n<p style=\"font-weight: 300 !important; text-align: center;\"><span style=\"text-decoration: underline;\"><span style=\"color: #ccae61; text-decoration: underline;\"><a href=\"mailto:info@scandinavian-solutions.com\">press@scandinavian-solutions.com<\/a><\/span><\/span><\/p>\n<p>[\/et_pb_text][\/et_pb_column][\/et_pb_row][et_pb_row use_custom_gutter=&#8221;on&#8221; gutter_width=&#8221;2&#8243; make_equal=&#8221;on&#8221; _builder_version=&#8221;3.29.3&#8243; width_tablet=&#8221;90%&#8221; width_phone=&#8221;90%&#8221; width_last_edited=&#8221;on|desktop&#8221; max_width=&#8221;1400px&#8221; max_width_tablet=&#8221;90%&#8221; max_width_phone=&#8221;90%&#8221; max_width_last_edited=&#8221;on|phone&#8221; custom_padding=&#8221;4px||0px|||&#8221; locked=&#8221;off&#8221; _i=&#8221;1&#8243; _address=&#8221;1.1&#8243;][et_pb_column type=&#8221;4_4&#8243; _builder_version=&#8221;3.29.3&#8243; _i=&#8221;0&#8243; _address=&#8221;1.1.0&#8243;][et_pb_text _builder_version=&#8221;3.29.3&#8243; text_font=&#8221;||||||||&#8221; header_3_font_size=&#8221;31px&#8221; header_3_letter_spacing=&#8221;3px&#8221; custom_margin=&#8221;99px||-3px|||&#8221; locked=&#8221;off&#8221; _i=&#8221;0&#8243; _address=&#8221;1.1.0.0&#8243;]<\/p>\n<p style=\"font-weight: 300 !important; text-align: center;\"><span style=\"color: #ccae61;\">Fr\u00e5gor?<\/span><\/p>\n<p>[\/et_pb_text][et_pb_text _builder_version=&#8221;3.29.3&#8243; header_text_align=&#8221;left&#8221; header_2_font=&#8221;Cormorant Garamond|600|||||||&#8221; header_2_text_align=&#8221;left&#8221; header_2_text_color=&#8221;#ffffff&#8221; header_2_font_size=&#8221;34px&#8221; header_2_line_height=&#8221;42px&#8221; module_alignment=&#8221;center&#8221; custom_margin=&#8221;15px|||||&#8221; header_2_font_size_phone=&#8221;25px&#8221; header_2_font_size_last_edited=&#8221;on|phone&#8221; header_2_line_height_phone=&#8221;1.3em&#8221; header_2_line_height_last_edited=&#8221;on|phone&#8221; _i=&#8221;1&#8243; _address=&#8221;1.1.0.1&#8243;]<\/p>\n<h2 style=\"text-align: center;\"><span style=\"color: #333333;\">Ring oss M\u00e5ndag-Fredag 07.00-19.00<\/span><\/h2>\n<p>[\/et_pb_text][et_pb_text _builder_version=&#8221;3.29.3&#8243; text_font_size=&#8221;18px&#8221; header_3_font_size=&#8221;31px&#8221; header_3_letter_spacing=&#8221;3px&#8221; header_6_font_size=&#8221;24px&#8221; min_height=&#8221;5px&#8221; custom_margin=&#8221;19px||||false|false&#8221; custom_margin_phone=&#8221;-10px||||false|false&#8221; custom_margin_last_edited=&#8221;on|phone&#8221; hover_enabled=&#8221;0&#8243; _i=&#8221;2&#8243; _address=&#8221;1.1.0.2&#8243;]<\/p>\n<h6 style=\"font-weight: 300 !important; text-align: center;\"><span style=\"text-decoration: underline;\"><span style=\"color: #ccae61; text-decoration: underline;\"><a href=\"tel:031-14 97 00\">031-14 97 00<\/a><\/span><\/span><\/h6>\n<p>[\/et_pb_text][\/et_pb_column][\/et_pb_row][\/et_pb_section]<\/p>","protected":false},"excerpt":{"rendered":"<p>[et_pb_section fb_built=&#8221;1&#8243; custom_padding_last_edited=&#8221;on|phone&#8221; _builder_version=&#8221;3.29.3&#8243; background_color=&#8221;#ffffff&#8221; use_background_color_gradient=&#8221;on&#8221; background_color_gradient_start=&#8221;rgba(0,0,0,0.88)&#8221; background_color_gradient_end=&#8221;rgba(0,0,0,0.57)&#8221; background_color_gradient_direction=&#8221;136deg&#8221; background_color_gradient_start_position=&#8221;29%&#8221; background_color_gradient_end_position=&#8221;103%&#8221; background_color_gradient_overlays_image=&#8221;on&#8221; background_image=&#8221;https:\/\/scandinavian-solutions.com\/wp-content\/uploads\/2019\/12\/TimeLine_03.jpeg&#8221; custom_margin=&#8221;||||false|true&#8221; custom_padding=&#8221;95px||152px||false|&#8221; custom_padding_tablet=&#8221;50px||50px||true|false&#8221; top_divider_height=&#8221;20px&#8221; top_divider_flip=&#8221;horizontal&#8221; bottom_divider_color=&#8221;#1E2324&#8243; bottom_divider_height=&#8221;81px&#8221; bottom_divider_repeat=&#8221;0.4x&#8221; da_disable_devices=&#8221;off|off|off&#8221; border_color_all=&#8221;#1E2324&#8243; border_width_bottom=&#8221;0px&#8221; locked=&#8221;off&#8221; fb_built=&#8221;1&#8243; _i=&#8221;0&#8243; _address=&#8221;0&#8243; da_is_popup=&#8221;off&#8221; da_exit_intent=&#8221;off&#8221; da_has_close=&#8221;on&#8221; da_alt_close=&#8221;off&#8221; da_dark_close=&#8221;off&#8221; da_not_modal=&#8221;on&#8221; da_is_singular=&#8221;off&#8221; da_with_loader=&#8221;off&#8221; da_has_shadow=&#8221;on&#8221;][et_pb_row column_structure=&#8221;1_4,1_2,1_4&#8243; _builder_version=&#8221;3.29.3&#8243; custom_padding=&#8221;4px||1px|||&#8221; _i=&#8221;0&#8243; _address=&#8221;0.0&#8243;][et_pb_column type=&#8221;1_4&#8243; _builder_version=&#8221;3.29.3&#8243; _i=&#8221;0&#8243; _address=&#8221;0.0.0&#8243;][\/et_pb_column][et_pb_column type=&#8221;1_2&#8243; _builder_version=&#8221;3.29.3&#8243; _i=&#8221;1&#8243; _address=&#8221;0.0.1&#8243;][et_pb_text _builder_version=&#8221;3.29.3&#8243; text_font_size=&#8221;21px&#8221; header_font=&#8221;|300|||||||&#8221; header_font_size=&#8221;53px&#8221; header_3_font=&#8221;|300|||||||&#8221; [&hellip;]<\/p>","protected":false},"author":1,"featured_media":0,"parent":0,"menu_order":0,"comment_status":"closed","ping_status":"closed","template":"","meta":{"_et_pb_use_builder":"on","_et_pb_old_content":"","_monsterinsights_skip_tracking":false,"_monsterinsights_sitenote_active":false,"_monsterinsights_sitenote_note":"","_monsterinsights_sitenote_category":0},"yoast_head":"<!-- This site is optimized with the Yoast SEO plugin v20.11 - https:\/\/yoast.com\/wordpress\/plugins\/seo\/ -->\n<title>Contact - Scandinavian Solutions<\/title>\n<meta name=\"robots\" content=\"index, follow, max-snippet:-1, max-image-preview:large, max-video-preview:-1\" \/>\n<link rel=\"canonical\" href=\"https:\/\/scandinavian-solutions.com\/sv\/contact\/\" \/>\n<meta property=\"og:locale\" content=\"sv_SE\" \/>\n<meta property=\"og:type\" content=\"article\" \/>\n<meta property=\"og:title\" content=\"Contact - Scandinavian Solutions\" \/>\n<meta property=\"og:description\" content=\"[et_pb_section fb_built=&#8221;1&#8243; custom_padding_last_edited=&#8221;on|phone&#8221; _builder_version=&#8221;3.29.3&#8243; background_color=&#8221;#ffffff&#8221; use_background_color_gradient=&#8221;on&#8221; background_color_gradient_start=&#8221;rgba(0,0,0,0.88)&#8221; background_color_gradient_end=&#8221;rgba(0,0,0,0.57)&#8221; background_color_gradient_direction=&#8221;136deg&#8221; background_color_gradient_start_position=&#8221;29%&#8221; background_color_gradient_end_position=&#8221;103%&#8221; background_color_gradient_overlays_image=&#8221;on&#8221; background_image=&#8221;https:\/\/scandinavian-solutions.com\/wp-content\/uploads\/2019\/12\/TimeLine_03.jpeg&#8221; custom_margin=&#8221;||||false|true&#8221; custom_padding=&#8221;95px||152px||false|&#8221; custom_padding_tablet=&#8221;50px||50px||true|false&#8221; top_divider_height=&#8221;20px&#8221; top_divider_flip=&#8221;horizontal&#8221; bottom_divider_color=&#8221;#1E2324&#8243; bottom_divider_height=&#8221;81px&#8221; bottom_divider_repeat=&#8221;0.4x&#8221; da_disable_devices=&#8221;off|off|off&#8221; border_color_all=&#8221;#1E2324&#8243; border_width_bottom=&#8221;0px&#8221; locked=&#8221;off&#8221; fb_built=&#8221;1&#8243; _i=&#8221;0&#8243; _address=&#8221;0&#8243; da_is_popup=&#8221;off&#8221; da_exit_intent=&#8221;off&#8221; da_has_close=&#8221;on&#8221; da_alt_close=&#8221;off&#8221; da_dark_close=&#8221;off&#8221; da_not_modal=&#8221;on&#8221; da_is_singular=&#8221;off&#8221; da_with_loader=&#8221;off&#8221; da_has_shadow=&#8221;on&#8221;][et_pb_row column_structure=&#8221;1_4,1_2,1_4&#8243; _builder_version=&#8221;3.29.3&#8243; custom_padding=&#8221;4px||1px|||&#8221; _i=&#8221;0&#8243; _address=&#8221;0.0&#8243;][et_pb_column type=&#8221;1_4&#8243; _builder_version=&#8221;3.29.3&#8243; _i=&#8221;0&#8243; _address=&#8221;0.0.0&#8243;][\/et_pb_column][et_pb_column type=&#8221;1_2&#8243; _builder_version=&#8221;3.29.3&#8243; _i=&#8221;1&#8243; _address=&#8221;0.0.1&#8243;][et_pb_text _builder_version=&#8221;3.29.3&#8243; text_font_size=&#8221;21px&#8221; header_font=&#8221;|300|||||||&#8221; header_font_size=&#8221;53px&#8221; header_3_font=&#8221;|300|||||||&#8221; [&hellip;]\" \/>\n<meta property=\"og:url\" content=\"https:\/\/scandinavian-solutions.com\/sv\/contact\/\" \/>\n<meta property=\"og:site_name\" content=\"Scandinavian Solutions\" \/>\n<meta property=\"article:publisher\" content=\"https:\/\/www.facebook.com\/Scandinavian.Solutions\/\" \/>\n<meta property=\"article:modified_time\" content=\"2020-10-07T20:37:11+00:00\" \/>\n<meta name=\"twitter:card\" content=\"summary_large_image\" \/>\n<meta name=\"twitter:label1\" content=\"Ber\u00e4knad l\u00e4stid\" \/>\n\t<meta name=\"twitter:data1\" content=\"4 minuter\" \/>\n<script type=\"application\/ld+json\" class=\"yoast-schema-graph\">{\"@context\":\"https:\/\/schema.org\",\"@graph\":[{\"@type\":\"WebPage\",\"@id\":\"https:\/\/scandinavian-solutions.com\/contact\/\",\"url\":\"https:\/\/scandinavian-solutions.com\/contact\/\",\"name\":\"Contact - Scandinavian Solutions\",\"isPartOf\":{\"@id\":\"https:\/\/scandinavian-solutions.com\/#website\"},\"datePublished\":\"2019-12-02T12:15:21+00:00\",\"dateModified\":\"2020-10-07T20:37:11+00:00\",\"breadcrumb\":{\"@id\":\"https:\/\/scandinavian-solutions.com\/contact\/#breadcrumb\"},\"inLanguage\":\"sv-SE\",\"potentialAction\":[{\"@type\":\"ReadAction\",\"target\":[\"https:\/\/scandinavian-solutions.com\/contact\/\"]}]},{\"@type\":\"BreadcrumbList\",\"@id\":\"https:\/\/scandinavian-solutions.com\/contact\/#breadcrumb\",\"itemListElement\":[{\"@type\":\"ListItem\",\"position\":1,\"name\":\"Home\",\"item\":\"https:\/\/scandinavian-solutions.com\/\"},{\"@type\":\"ListItem\",\"position\":2,\"name\":\"Contact\"}]},{\"@type\":\"WebSite\",\"@id\":\"https:\/\/scandinavian-solutions.com\/#website\",\"url\":\"https:\/\/scandinavian-solutions.com\/\",\"name\":\"Scandinavian Solutions\",\"description\":\"Smart Home &amp; Offices\",\"publisher\":{\"@id\":\"https:\/\/scandinavian-solutions.com\/#organization\"},\"potentialAction\":[{\"@type\":\"SearchAction\",\"target\":{\"@type\":\"EntryPoint\",\"urlTemplate\":\"https:\/\/scandinavian-solutions.com\/?s={search_term_string}\"},\"query-input\":\"required name=search_term_string\"}],\"inLanguage\":\"sv-SE\"},{\"@type\":\"Organization\",\"@id\":\"https:\/\/scandinavian-solutions.com\/#organization\",\"name\":\"Scandinavian Solutions\",\"url\":\"https:\/\/scandinavian-solutions.com\/\",\"logo\":{\"@type\":\"ImageObject\",\"inLanguage\":\"sv-SE\",\"@id\":\"https:\/\/scandinavian-solutions.com\/#\/schema\/logo\/image\/\",\"url\":\"https:\/\/scandinavian-solutions.com\/wp-content\/uploads\/2020\/06\/image001.png\",\"contentUrl\":\"https:\/\/scandinavian-solutions.com\/wp-content\/uploads\/2020\/06\/image001.png\",\"width\":2560,\"height\":1600,\"caption\":\"Scandinavian Solutions\"},\"image\":{\"@id\":\"https:\/\/scandinavian-solutions.com\/#\/schema\/logo\/image\/\"},\"sameAs\":[\"https:\/\/www.facebook.com\/Scandinavian.Solutions\/\",\"https:\/\/www.instagram.com\/scandinavian.solutions\/\",\"https:\/\/www.linkedin.com\/company\/36131192\/admin\/\"]}]}<\/script>\n<!-- \/ Yoast SEO plugin. -->","yoast_head_json":{"title":"Contact - Scandinavian Solutions","robots":{"index":"index","follow":"follow","max-snippet":"max-snippet:-1","max-image-preview":"max-image-preview:large","max-video-preview":"max-video-preview:-1"},"canonical":"https:\/\/scandinavian-solutions.com\/sv\/contact\/","og_locale":"sv_SE","og_type":"article","og_title":"Contact - Scandinavian Solutions","og_description":"[et_pb_section fb_built=&#8221;1&#8243; custom_padding_last_edited=&#8221;on|phone&#8221; _builder_version=&#8221;3.29.3&#8243; background_color=&#8221;#ffffff&#8221; use_background_color_gradient=&#8221;on&#8221; background_color_gradient_start=&#8221;rgba(0,0,0,0.88)&#8221; background_color_gradient_end=&#8221;rgba(0,0,0,0.57)&#8221; background_color_gradient_direction=&#8221;136deg&#8221; background_color_gradient_start_position=&#8221;29%&#8221; background_color_gradient_end_position=&#8221;103%&#8221; background_color_gradient_overlays_image=&#8221;on&#8221; background_image=&#8221;https:\/\/scandinavian-solutions.com\/wp-content\/uploads\/2019\/12\/TimeLine_03.jpeg&#8221; custom_margin=&#8221;||||false|true&#8221; custom_padding=&#8221;95px||152px||false|&#8221; custom_padding_tablet=&#8221;50px||50px||true|false&#8221; top_divider_height=&#8221;20px&#8221; top_divider_flip=&#8221;horizontal&#8221; bottom_divider_color=&#8221;#1E2324&#8243; bottom_divider_height=&#8221;81px&#8221; bottom_divider_repeat=&#8221;0.4x&#8221; da_disable_devices=&#8221;off|off|off&#8221; border_color_all=&#8221;#1E2324&#8243; border_width_bottom=&#8221;0px&#8221; locked=&#8221;off&#8221; fb_built=&#8221;1&#8243; _i=&#8221;0&#8243; _address=&#8221;0&#8243; da_is_popup=&#8221;off&#8221; da_exit_intent=&#8221;off&#8221; da_has_close=&#8221;on&#8221; da_alt_close=&#8221;off&#8221; da_dark_close=&#8221;off&#8221; da_not_modal=&#8221;on&#8221; da_is_singular=&#8221;off&#8221; da_with_loader=&#8221;off&#8221; da_has_shadow=&#8221;on&#8221;][et_pb_row column_structure=&#8221;1_4,1_2,1_4&#8243; _builder_version=&#8221;3.29.3&#8243; custom_padding=&#8221;4px||1px|||&#8221; _i=&#8221;0&#8243; _address=&#8221;0.0&#8243;][et_pb_column type=&#8221;1_4&#8243; _builder_version=&#8221;3.29.3&#8243; _i=&#8221;0&#8243; _address=&#8221;0.0.0&#8243;][\/et_pb_column][et_pb_column type=&#8221;1_2&#8243; _builder_version=&#8221;3.29.3&#8243; _i=&#8221;1&#8243; _address=&#8221;0.0.1&#8243;][et_pb_text _builder_version=&#8221;3.29.3&#8243; text_font_size=&#8221;21px&#8221; header_font=&#8221;|300|||||||&#8221; header_font_size=&#8221;53px&#8221; header_3_font=&#8221;|300|||||||&#8221; [&hellip;]","og_url":"https:\/\/scandinavian-solutions.com\/sv\/contact\/","og_site_name":"Scandinavian Solutions","article_publisher":"https:\/\/www.facebook.com\/Scandinavian.Solutions\/","article_modified_time":"2020-10-07T20:37:11+00:00","twitter_card":"summary_large_image","twitter_misc":{"Ber\u00e4knad l\u00e4stid":"4 minuter"},"schema":{"@context":"https:\/\/schema.org","@graph":[{"@type":"WebPage","@id":"https:\/\/scandinavian-solutions.com\/contact\/","url":"https:\/\/scandinavian-solutions.com\/contact\/","name":"Contact - Scandinavian Solutions","isPartOf":{"@id":"https:\/\/scandinavian-solutions.com\/#website"},"datePublished":"2019-12-02T12:15:21+00:00","dateModified":"2020-10-07T20:37:11+00:00","breadcrumb":{"@id":"https:\/\/scandinavian-solutions.com\/contact\/#breadcrumb"},"inLanguage":"sv-SE","potentialAction":[{"@type":"ReadAction","target":["https:\/\/scandinavian-solutions.com\/contact\/"]}]},{"@type":"BreadcrumbList","@id":"https:\/\/scandinavian-solutions.com\/contact\/#breadcrumb","itemListElement":[{"@type":"ListItem","position":1,"name":"Home","item":"https:\/\/scandinavian-solutions.com\/"},{"@type":"ListItem","position":2,"name":"Contact"}]},{"@type":"WebSite","@id":"https:\/\/scandinavian-solutions.com\/#website","url":"https:\/\/scandinavian-solutions.com\/","name":"Scandinavian Solutions","description":"Smart Home &amp; Offices","publisher":{"@id":"https:\/\/scandinavian-solutions.com\/#organization"},"potentialAction":[{"@type":"SearchAction","target":{"@type":"EntryPoint","urlTemplate":"https:\/\/scandinavian-solutions.com\/?s={search_term_string}"},"query-input":"required name=search_term_string"}],"inLanguage":"sv-SE"},{"@type":"Organization","@id":"https:\/\/scandinavian-solutions.com\/#organization","name":"Scandinavian Solutions","url":"https:\/\/scandinavian-solutions.com\/","logo":{"@type":"ImageObject","inLanguage":"sv-SE","@id":"https:\/\/scandinavian-solutions.com\/#\/schema\/logo\/image\/","url":"https:\/\/scandinavian-solutions.com\/wp-content\/uploads\/2020\/06\/image001.png","contentUrl":"https:\/\/scandinavian-solutions.com\/wp-content\/uploads\/2020\/06\/image001.png","width":2560,"height":1600,"caption":"Scandinavian Solutions"},"image":{"@id":"https:\/\/scandinavian-solutions.com\/#\/schema\/logo\/image\/"},"sameAs":["https:\/\/www.facebook.com\/Scandinavian.Solutions\/","https:\/\/www.instagram.com\/scandinavian.solutions\/","https:\/\/www.linkedin.com\/company\/36131192\/admin\/"]}]}},"_links":{"self":[{"href":"https:\/\/scandinavian-solutions.com\/sv\/wp-json\/wp\/v2\/pages\/471"}],"collection":[{"href":"https:\/\/scandinavian-solutions.com\/sv\/wp-json\/wp\/v2\/pages"}],"about":[{"href":"https:\/\/scandinavian-solutions.com\/sv\/wp-json\/wp\/v2\/types\/page"}],"author":[{"embeddable":true,"href":"https:\/\/scandinavian-solutions.com\/sv\/wp-json\/wp\/v2\/users\/1"}],"replies":[{"embeddable":true,"href":"https:\/\/scandinavian-solutions.com\/sv\/wp-json\/wp\/v2\/comments?post=471"}],"version-history":[{"count":26,"href":"https:\/\/scandinavian-solutions.com\/sv\/wp-json\/wp\/v2\/pages\/471\/revisions"}],"predecessor-version":[{"id":1896,"href":"https:\/\/scandinavian-solutions.com\/sv\/wp-json\/wp\/v2\/pages\/471\/revisions\/1896"}],"wp:attachment":[{"href":"https:\/\/scandinavian-solutions.com\/sv\/wp-json\/wp\/v2\/media?parent=471"}],"curies":[{"name":"wp","href":"https:\/\/api.w.org\/{rel}","templated":true}]}}